{"id":1231,"date":"2026-01-22T18:17:42","date_gmt":"2026-01-22T17:17:42","guid":{"rendered":"https:\/\/nanovoservices.com\/?page_id=1231"},"modified":"2026-01-22T18:21:46","modified_gmt":"2026-01-22T17:21:46","slug":"datenschutzerklarung","status":"publish","type":"page","link":"https:\/\/nanovoservices.com\/index.php\/datenschutzerklarung\/","title":{"rendered":"Datenschutzerkl\u00e4rung"},"content":{"rendered":"\t\t<div data-elementor-type=\"wp-page\" data-elementor-id=\"1231\" class=\"elementor elementor-1231\">\n\t\t\t\t<div class=\"elementor-element elementor-element-ff67874 e-flex e-con-boxed wpr-particle-no wpr-jarallax-no wpr-parallax-no wpr-sticky-section-no wpr-equal-height-no e-con e-parent\" data-id=\"ff67874\" data-element_type=\"container\" data-e-type=\"container\">\n\t\t\t\t\t<div class=\"e-con-inner\">\n\t\t\t\t<div class=\"elementor-element elementor-element-f49f04a elementor-widget elementor-widget-text-editor\" data-id=\"f49f04a\" data-element_type=\"widget\" data-e-type=\"widget\" data-widget_type=\"text-editor.default\">\n\t\t\t\t\t\t\t\t\t<p><b>Datenschutzerkl\u00e4rung<\/b><\/p><p><b>1. Datenschutz auf einen Blick<\/b> Die Nanovo Services GmbH nimmt den Schutz Ihrer pers\u00f6nlichen Daten sehr ernst. Wir behandeln Ihre personenbezogenen Daten vertraulich und entsprechend der gesetzlichen Datenschutzvorschriften (Schweizer nDSG und EU-DSGVO) sowie dieser Datenschutzerkl\u00e4rung.<\/p><p><b>2. Verantwortliche Stelle<\/b> Verantwortlich f\u00fcr die Datenverarbeitung auf dieser Webseite ist: <b>Nanovo Services GmbH, <\/b><strong>Sonnhaldenstrasse 33 3210, office@nanovoservices.com<\/strong><\/p><p><b>3. Datenerfassung auf unserer Webseite<\/b><b><\/b><\/p><ul><li><b>Kontaktformular:<\/b> Wenn Sie uns per Kontaktformular Anfragen zukommen lassen, werden Ihre Angaben zwecks Bearbeitung der Anfrage und f\u00fcr den Fall von Anschlussfragen bei uns gespeichert. Diese Daten geben wir nicht ohne Ihre Einwilligung weiter.<\/li><li><b>Server-Log-Files:<\/b> Der Provider der Seiten erhebt und speichert automatisch Informationen in sogenannten Server-Log-Files, die Ihr Browser automatisch an uns \u00fcbermittelt (z.B. Browsertyp, Betriebssystem, Referrer URL). Diese Daten sind nicht bestimmten Personen zuordenbar.<\/li><\/ul><p><b>4. SSL- bzw. TLS-Verschl\u00fcsselung<\/b> Diese Seite nutzt aus Sicherheitsgr\u00fcnden und zum Schutz der \u00dcbertragung vertraulicher Inhalte eine SSL-bzw. TLS-Verschl\u00fcsselung. Eine verschl\u00fcsselte Verbindung erkennen Sie daran, dass die Adresszeile des Browsers von \u201ehttp:\/\/\u201c auf \u201ehttps:\/\/\u201c wechselt und an dem Schloss-Symbol in Ihrer Browserzeile.<\/p><p><b>5. Ihre Rechte als betroffene Person<\/b> Sie haben jederzeit das Recht:<\/p><ul><li>Auskunft \u00fcber Ihre gespeicherten personenbezogenen Daten zu erhalten.<\/li><li>Die Berichtigung oder L\u00f6schung Ihrer Daten zu verlangen.<\/li><li>Die Einschr\u00e4nkung der Verarbeitung zu fordern oder der Verarbeitung zu widersprechen.<\/li><\/ul><p>Um diese Rechte auszu\u00fcben, wenden Sie sich bitte an die oben genannte verantwortliche Stelle.<\/p><p><b>6. \u00c4nderungen der Datenschutzerkl\u00e4rung<\/b> Wir behalten uns vor, diese Datenschutzerkl\u00e4rung anzupassen, damit sie stets den aktuellen rechtlichen Anforderungen entspricht oder um \u00c4nderungen unserer Leistungen in der Datenschutzerkl\u00e4rung umzusetzen.<\/p>\t\t\t\t\t\t\t\t<\/div>\n\t\t\t\t\t<\/div>\n\t\t\t\t<\/div>\n\t\t\t\t<\/div>\n\t\t","protected":false},"excerpt":{"rendered":"<p>Datenschutzerkl\u00e4rung 1. Datenschutz auf einen Blick Die Nanovo Services GmbH nimmt den Schutz Ihrer pers\u00f6nlichen Daten sehr ernst. Wir behandeln Ihre personenbezogenen Daten vertraulich und entsprechend der gesetzlichen Datenschutzvorschriften (Schweizer nDSG und EU-DSGVO) sowie dieser Datenschutzerkl\u00e4rung. 2. Verantwortliche Stelle Verantwortlich f\u00fcr die Datenverarbeitung auf dieser Webseite ist: Nanovo Services GmbH, Sonnhaldenstrasse 33 3210, office@nanovoservices.com 3. Datenerfassung auf unserer Webseite Kontaktformular: Wenn Sie uns per Kontaktformular Anfragen zukommen lassen, werden Ihre Angaben zwecks Bearbeitung der Anfrage und f\u00fcr den Fall von Anschlussfragen bei uns gespeichert. Diese Daten geben wir nicht ohne Ihre Einwilligung weiter. Server-Log-Files: Der Provider der Seiten erhebt und speichert automatisch Informationen in sogenannten Server-Log-Files, die Ihr Browser automatisch an uns \u00fcbermittelt (z.B. Browsertyp, Betriebssystem, Referrer URL). Diese Daten sind nicht bestimmten Personen zuordenbar. 4. SSL- bzw. TLS-Verschl\u00fcsselung Diese Seite nutzt aus Sicherheitsgr\u00fcnden und zum Schutz der \u00dcbertragung vertraulicher Inhalte eine SSL-bzw. TLS-Verschl\u00fcsselung. Eine verschl\u00fcsselte Verbindung erkennen Sie daran, dass die Adresszeile des Browsers von \u201ehttp:\/\/\u201c auf \u201ehttps:\/\/\u201c wechselt und an dem Schloss-Symbol in Ihrer Browserzeile. 5. Ihre Rechte als betroffene Person Sie haben jederzeit das Recht: Auskunft \u00fcber Ihre gespeicherten personenbezogenen Daten zu erhalten. Die Berichtigung oder L\u00f6schung Ihrer Daten zu verlangen. Die Einschr\u00e4nkung der Verarbeitung zu fordern oder der Verarbeitung zu widersprechen. Um diese Rechte auszu\u00fcben, wenden Sie sich bitte an die oben genannte verantwortliche Stelle. 6. \u00c4nderungen der Datenschutzerkl\u00e4rung Wir behalten uns vor, diese Datenschutzerkl\u00e4rung anzupassen, damit sie stets den aktuellen rechtlichen Anforderungen entspricht oder um \u00c4nderungen unserer Leistungen in der Datenschutzerkl\u00e4rung umzusetzen.<\/p>\n","protected":false},"author":1,"featured_media":0,"parent":0,"menu_order":0,"comment_status":"closed","ping_status":"closed","template":"page-with-title","meta":{"footnotes":""},"class_list":["post-1231","page","type-page","status-publish","hentry"],"_links":{"self":[{"href":"https:\/\/nanovoservices.com\/index.php\/wp-json\/wp\/v2\/pages\/1231","targetHints":{"allow":["GET"]}}],"collection":[{"href":"https:\/\/nanovoservices.com\/index.php\/wp-json\/wp\/v2\/pages"}],"about":[{"href":"https:\/\/nanovoservices.com\/index.php\/wp-json\/wp\/v2\/types\/page"}],"author":[{"embeddable":true,"href":"https:\/\/nanovoservices.com\/index.php\/wp-json\/wp\/v2\/users\/1"}],"replies":[{"embeddable":true,"href":"https:\/\/nanovoservices.com\/index.php\/wp-json\/wp\/v2\/comments?post=1231"}],"version-history":[{"count":4,"href":"https:\/\/nanovoservices.com\/index.php\/wp-json\/wp\/v2\/pages\/1231\/revisions"}],"predecessor-version":[{"id":1238,"href":"https:\/\/nanovoservices.com\/index.php\/wp-json\/wp\/v2\/pages\/1231\/revisions\/1238"}],"wp:attachment":[{"href":"https:\/\/nanovoservices.com\/index.php\/wp-json\/wp\/v2\/media?parent=1231"}],"curies":[{"name":"wp","href":"https:\/\/api.w.org\/{rel}","templated":true}]}}