{"id":1209,"date":"2026-01-22T16:06:15","date_gmt":"2026-01-22T15:06:15","guid":{"rendered":"https:\/\/nanovoservices.com\/?page_id=1209"},"modified":"2026-01-22T16:11:55","modified_gmt":"2026-01-22T15:11:55","slug":"impressum","status":"publish","type":"page","link":"https:\/\/nanovoservices.com\/index.php\/impressum\/","title":{"rendered":"Impressum"},"content":{"rendered":"\t\t<div data-elementor-type=\"wp-page\" data-elementor-id=\"1209\" class=\"elementor elementor-1209\">\n\t\t\t\t<div class=\"elementor-element elementor-element-63602b6 e-flex e-con-boxed wpr-particle-no wpr-jarallax-no wpr-parallax-no wpr-sticky-section-no wpr-equal-height-no e-con e-parent\" data-id=\"63602b6\" data-element_type=\"container\" data-e-type=\"container\">\n\t\t\t\t\t<div class=\"e-con-inner\">\n\t\t\t\t<div class=\"elementor-element elementor-element-71c4ae1 elementor-widget elementor-widget-text-editor\" data-id=\"71c4ae1\" data-element_type=\"widget\" data-e-type=\"widget\" data-widget_type=\"text-editor.default\">\n\t\t\t\t\t\t\t\t\t<h3 data-path-to-node=\"3\">Impressum<\/h3><p data-path-to-node=\"4\"><b data-path-to-node=\"4\" data-index-in-node=\"0\">Nanovo Services GmbH<\/b> Sonnhaldenstrasse 33<\/p><p data-path-to-node=\"5\">3210 Kerzers<\/p><p data-path-to-node=\"6\">Schweiz<\/p><p data-path-to-node=\"7\"><b data-path-to-node=\"7\" data-index-in-node=\"0\">Handelsregistereintrag:<\/b> Unternehmens-Identifikationsnummer (UID): CHE-389.278.840 MWST<\/p><p data-path-to-node=\"8\"><b data-path-to-node=\"8\" data-index-in-node=\"0\">Vertreten durch:<\/b> Maciej Pflaum<\/p><p data-path-to-node=\"9\"><b data-path-to-node=\"9\" data-index-in-node=\"0\">Kontakt:<\/b> +41 779 910 612<\/p><p data-path-to-node=\"10\">E-Mail: office@nanovoservices.com<\/p><p data-path-to-node=\"11\">Webseite: <a class=\"ng-star-inserted\" href=\"https:\/\/www.google.com\/search?q=https:\/\/www.nanovoservices.com\" target=\"_blank\" rel=\"noopener\" data-hveid=\"0\" data-ved=\"0CAAQ_4QMahgKEwiTjMCfs5-SAxUAAAAAHQAAAAAQ3QE\">www.nanovoservices.com<\/a><\/p><p data-path-to-node=\"12\"><b data-path-to-node=\"12\" data-index-in-node=\"0\">Verantwortlich f\u00fcr den Inhalt:<\/b> Ewa Pflaum<\/p><p data-path-to-node=\"13\"><b data-path-to-node=\"13\" data-index-in-node=\"0\">Urheberrechte:<\/b> Die Urheber- und alle anderen Rechte an Inhalten, Bildern, Fotos oder anderen Dateien auf der Webseite geh\u00f6ren ausschliesslich der Firma Nanovo Services GmbH oder den speziell genannten Rechtsinhabern. F\u00fcr die Reproduktion jeglicher Elemente ist die schriftliche Zustimmung der Urheberrechtstr\u00e4ger im Voraus einzuholen.<\/p>\t\t\t\t\t\t\t\t<\/div>\n\t\t\t\t\t<\/div>\n\t\t\t\t<\/div>\n\t\t\t\t<\/div>\n\t\t","protected":false},"excerpt":{"rendered":"<p>Impressum Nanovo Services GmbH Sonnhaldenstrasse 33 3210 Kerzers Schweiz Handelsregistereintrag: Unternehmens-Identifikationsnummer (UID): CHE-389.278.840 MWST Vertreten durch: Maciej Pflaum Kontakt: +41 779 910 612 E-Mail: office@nanovoservices.com Webseite: www.nanovoservices.com Verantwortlich f\u00fcr den Inhalt: Ewa Pflaum Urheberrechte: Die Urheber- und alle anderen Rechte an Inhalten, Bildern, Fotos oder anderen Dateien auf der Webseite geh\u00f6ren ausschliesslich der Firma Nanovo Services GmbH oder den speziell genannten Rechtsinhabern. F\u00fcr die Reproduktion jeglicher Elemente ist die schriftliche Zustimmung der Urheberrechtstr\u00e4ger im Voraus einzuholen.<\/p>\n","protected":false},"author":1,"featured_media":0,"parent":0,"menu_order":0,"comment_status":"closed","ping_status":"closed","template":"page-with-title","meta":{"footnotes":""},"class_list":["post-1209","page","type-page","status-publish","hentry"],"_links":{"self":[{"href":"https:\/\/nanovoservices.com\/index.php\/wp-json\/wp\/v2\/pages\/1209","targetHints":{"allow":["GET"]}}],"collection":[{"href":"https:\/\/nanovoservices.com\/index.php\/wp-json\/wp\/v2\/pages"}],"about":[{"href":"https:\/\/nanovoservices.com\/index.php\/wp-json\/wp\/v2\/types\/page"}],"author":[{"embeddable":true,"href":"https:\/\/nanovoservices.com\/index.php\/wp-json\/wp\/v2\/users\/1"}],"replies":[{"embeddable":true,"href":"https:\/\/nanovoservices.com\/index.php\/wp-json\/wp\/v2\/comments?post=1209"}],"version-history":[{"count":4,"href":"https:\/\/nanovoservices.com\/index.php\/wp-json\/wp\/v2\/pages\/1209\/revisions"}],"predecessor-version":[{"id":1213,"href":"https:\/\/nanovoservices.com\/index.php\/wp-json\/wp\/v2\/pages\/1209\/revisions\/1213"}],"wp:attachment":[{"href":"https:\/\/nanovoservices.com\/index.php\/wp-json\/wp\/v2\/media?parent=1209"}],"curies":[{"name":"wp","href":"https:\/\/api.w.org\/{rel}","templated":true}]}}